{"id":5427,"date":"2022-11-09T15:47:03","date_gmt":"2022-11-09T20:47:03","guid":{"rendered":"https:\/\/elephantchocolat.vs-staging.com\/?page_id=5427"},"modified":"2023-01-30T16:05:34","modified_gmt":"2023-01-30T21:05:34","slug":"prise-en-charge-naissance","status":"publish","type":"page","link":"https:\/\/www.elephantchocolat.com\/famille\/prise-en-charge-naissance\/","title":{"rendered":"DE LA NAISSANCE \u00c0 18 MOIS"},"content":{"rendered":"<div class=\"fusion-fullwidth fullwidth-box fusion-builder-row-1 fusion-flex-container nonhundred-percent-fullwidth non-hundred-percent-height-scrolling\" style=\"background-color: rgba(255,255,255,0);background-position: center center;background-repeat: no-repeat;border-width: 0px 0px 0px 0px;border-color:#eae9e9;border-style:solid;\" ><div class=\"fusion-builder-row fusion-row fusion-flex-align-items-flex-start\" style=\"max-width:1216.8px;margin-left: calc(-4% \/ 2 );margin-right: calc(-4% \/ 2 );\"><div class=\"fusion-layout-column fusion_builder_column fusion-builder-column-0 fusion_builder_column_1_1 1_1 fusion-flex-column\"><div class=\"fusion-column-wrapper fusion-flex-justify-content-flex-start fusion-content-layout-column\" style=\"background-position:left top;background-repeat:no-repeat;-webkit-background-size:cover;-moz-background-size:cover;-o-background-size:cover;background-size:cover;padding: 0px 0px 0px 0px;\"><div class=\"fusion-text fusion-text-1\"><h3>Le mandat de nos \u00e9ducatrices de jeunes enfants \u00e0 domicile consiste \u00e0 :<span class=\"Apple-converted-space\">\u00a0<\/span><\/h3>\n<ul>\n<li>aiguiller les parents dans leur nouveau r\u00f4le et r\u00e9pondre \u00e0 l&rsquo;ensemble de leurs questions (avec un nouveau-n\u00e9) ;<\/li>\n<li>donner les soins quotidiens au nouveau-n\u00e9 (bain, soins d&rsquo;hygi\u00e8ne, pr\u00e9paration des biberons,\u00a0accompagnement et conseil pour l&rsquo;allaitement maternel) ;<\/li>\n<li>assurer les gardes de nuits pour le nouveau-n\u00e9 maximum 8 heures par nuit &#8211; 5 jours semaine<span class=\"Apple-converted-space\">\u00a0;<\/span><\/li>\n<li>pr\u00e9parer les repas (biberons, pur\u00e9es, compotes et autres plats en fonction de la tranche d&rsquo;\u00e2ge du poupon) ;<\/li>\n<li>mettre en place un plan d&rsquo;\u00e9veil bas\u00e9 sur l&rsquo;\u00e9volution et les besoins du poupon \u00e0 partir 4\/6 mois<span class=\"Apple-converted-space\">\u00a0;<\/span><\/li>\n<li>planifier des activit\u00e9s int\u00e9rieures et ext\u00e9rieures (parc, b\u00e9b\u00e9 gym, \u00e9veil musical, biblioth\u00e8que, heure\u00a0du conte etc&#8230; \u00e0 partir de 9 mois et plus) ;<\/li>\n<li>maintenir les espaces de vie en ordre.<\/li>\n<\/ul>\n<\/div><div class=\"fusion-text fusion-text-2\" style=\"color:var(--awb-color4);font-family:&quot;Roboto&quot;;font-weight:700;\"><p><strong>Nos \u00e9ducatrices de jeunes enfants \u00e0 domicile se positionnent sur des postes \u00e0 temps plein sur une base d\u2019un an minimum.<\/strong><\/p>\n<\/div><style type=\"text\/css\">@media only screen and (max-width:1024px) {.fusion-title.fusion-title-1{margin-top:0px!important; margin-right:!important;margin-bottom:0px!important;margin-left:!important;}}<\/style><div class=\"fusion-title title fusion-title-1 fusion-title-text fusion-title-size-five\" style=\"margin-top:0px;margin-bottom:0px;\"><div class=\"title-sep-container title-sep-container-left fusion-no-large-visibility fusion-no-medium-visibility fusion-no-small-visibility\"><div class=\"title-sep sep-\" style=\"border-color:var(--awb-color3);\"><\/div><\/div><span class=\"awb-title-spacer fusion-no-large-visibility fusion-no-medium-visibility fusion-no-small-visibility\"><\/span><h5 class=\"title-heading-left fusion-responsive-typography-calculated\" style=\"margin:0;text-transform:none;color:var(--awb-color4);--fontSize:16;--minFontSize:16px;line-height:var(--awb-typography1-line-height);\">Pour d\u00e9couvrir des profils types :<\/h5><span class=\"awb-title-spacer\"><\/span><div class=\"title-sep-container title-sep-container-right\"><div class=\"title-sep sep-\" style=\"border-color:var(--awb-color3);\"><\/div><\/div><\/div><div style=\"text-align:left;\"><style>.fusion-body .fusion-button.button-1{border-radius:2px 2px 2px 2px;}<\/style><a class=\"fusion-button button-flat fusion-button-default-size button-default button-1 fusion-button-default-span fusion-button-default-type\" target=\"_self\" href=\"https:\/\/elephantchocolat.com\/famille\/contact\/\" style=\"margin-top:6px;\"><span class=\"fusion-button-text\">Contactez-nous<\/span><\/a><\/div><\/div><style type=\"text\/css\">.fusion-body .fusion-builder-column-0{width:100% !important;margin-top : 0px;margin-bottom : 20px;}.fusion-builder-column-0 > .fusion-column-wrapper {padding-top : 0px !important;padding-right : 0px !important;margin-right : 1.92%;padding-bottom : 0px !important;padding-left : 0px !important;margin-left : 1.92%;}@media only screen and (max-width:1024px) {.fusion-body .fusion-builder-column-0{width:100% !important;order : 0;}.fusion-builder-column-0 > .fusion-column-wrapper {margin-right : 1.92%;margin-left : 1.92%;}}@media only screen and (max-width:900px) {.fusion-body .fusion-builder-column-0{width:100% !important;order : 0;}.fusion-builder-column-0 > .fusion-column-wrapper {margin-right : 1.92%;margin-left : 1.92%;}}<\/style><\/div><\/div><style type=\"text\/css\">.fusion-body .fusion-flex-container.fusion-builder-row-1{ padding-top : 0px;margin-top : 0px;padding-right : 0px;padding-bottom : 0px;margin-bottom : 0px;padding-left : 0px;}<\/style><\/div>\n","protected":false},"excerpt":{"rendered":"","protected":false},"author":2,"featured_media":5437,"parent":0,"menu_order":0,"comment_status":"closed","ping_status":"closed","template":"","meta":{"footnotes":""},"class_list":["post-5427","page","type-page","status-publish","has-post-thumbnail","hentry"],"_links":{"self":[{"href":"https:\/\/www.elephantchocolat.com\/famille\/wp-json\/wp\/v2\/pages\/5427","targetHints":{"allow":["GET"]}}],"collection":[{"href":"https:\/\/www.elephantchocolat.com\/famille\/wp-json\/wp\/v2\/pages"}],"about":[{"href":"https:\/\/www.elephantchocolat.com\/famille\/wp-json\/wp\/v2\/types\/page"}],"author":[{"embeddable":true,"href":"https:\/\/www.elephantchocolat.com\/famille\/wp-json\/wp\/v2\/users\/2"}],"replies":[{"embeddable":true,"href":"https:\/\/www.elephantchocolat.com\/famille\/wp-json\/wp\/v2\/comments?post=5427"}],"version-history":[{"count":11,"href":"https:\/\/www.elephantchocolat.com\/famille\/wp-json\/wp\/v2\/pages\/5427\/revisions"}],"predecessor-version":[{"id":5733,"href":"https:\/\/www.elephantchocolat.com\/famille\/wp-json\/wp\/v2\/pages\/5427\/revisions\/5733"}],"wp:featuredmedia":[{"embeddable":true,"href":"https:\/\/www.elephantchocolat.com\/famille\/wp-json\/wp\/v2\/media\/5437"}],"wp:attachment":[{"href":"https:\/\/www.elephantchocolat.com\/famille\/wp-json\/wp\/v2\/media?parent=5427"}],"curies":[{"name":"wp","href":"https:\/\/api.w.org\/{rel}","templated":true}]}}